{"id":380,"date":"2023-11-07T15:29:57","date_gmt":"2023-11-07T13:29:57","guid":{"rendered":"https:\/\/ruusut.ruususeura.fi\/hem\/"},"modified":"2024-09-27T13:26:32","modified_gmt":"2024-09-27T10:26:32","slug":"hem","status":"publish","type":"page","link":"https:\/\/ruusut.ruususeura.fi\/sv\/","title":{"rendered":"Hem"},"content":{"rendered":"\n<h2 class=\"wp-block-heading has-text-align-center\"><strong><mark style=\"background-color:rgba(0, 0, 0, 0)\" class=\"has-inline-color has-ast-global-color-1-color\">V\u00e4lkommen till Finska Rosens\u00e4llskapets rosregister<\/mark><\/strong><\/h2>\n\n<p><a href=\"https:\/\/puutarhasaatio.fi\/\"><\/a><\/p>\n\n<div class=\"wp-block-columns is-layout-flex wp-container-core-columns-is-layout-28f84493 wp-block-columns-is-layout-flex\">\n<div class=\"wp-block-column is-layout-flow wp-block-column-is-layout-flow\">\n<p>Med det h\u00e4r registret vill vi hj\u00e4lpa dig att hitta kunskap som \u00e4r nyttig n\u00e4r du s\u00f6ker rosor f\u00f6r din tr\u00e4dg\u00e5rd. Ett register som utg\u00e5r fr\u00e5n finl\u00e4ndska f\u00f6rh\u00e5llanden kan vara ett v\u00e4rdefullt hj\u00e4lpmedel f\u00f6r alla tr\u00e4dg\u00e5rdsodlare i Finland.  <\/p>\n\n\n\n<p>Registret \u00e4r uppbyggt med n\u00e5gra standardf\u00e4lt som beskriver egenskaper hos rosorna:<br\/><em>Namn, v\u00e4xts\u00e4tt, grupptillh\u00f6righet, storlek, f\u00e4rg, vinterh\u00e4rdighet och doft<\/em>. <\/p>\n\n\n\n<p>F\u00f6r att g\u00f6ra s\u00f6kfunktioner enkla finns r\u00e4tt f\u00e5 alternativ i de h\u00e4r f\u00e4lten f\u00f6r egenskaper. En mera utf\u00f6rlig beskrivning finns sedan i den fria text som beskriver rosens bakgrund och egenskaperna mera i detalj. Bilderna kompletterar texten.  <\/p>\n\n\n\n<p>Beskrivningarna i registret \u00e4r begr\u00e4nsade av flera orsaker. Mera omfattande beskrivningar av m\u00e5nga rosor hittas i roslitteraturen. Inneh\u00e5llet har begr\u00e4nsats f\u00f6r att inte arbetet skulle bli \u00f6verm\u00e4ktigt. F\u00f6r m\u00e5nga rosor saknas ocks\u00e5 mera ing\u00e5ende beskrivningar som grund f\u00f6r texten h\u00e4r. Det g\u00e4ller speciellt f\u00f6r en del rosor som \u00e4r framtagna av odlare i Finland.     <\/p>\n\n\n\n<p><strong>Rosor i registret<\/strong><\/p>\n\n\n\n<p>I registret finns nu ca 670 rosor fr\u00e5n ett tidigare register p\u00e5 Rosens\u00e4llskapets hemsida. I forts\u00e4ttningen kommer registret att kompletteras med information om rosor som sannolikt kan odlas i Finland. Du \u00e4r v\u00e4lkommen att f\u00f6resl\u00e5 rosor till registret baserat p\u00e5 dina egna erfarenheter. Registret \u00e4r inte f\u00e4rdigt, det skall kontinuerligt kompletteras och utvecklas f\u00f6r att fylla sin funktion.    <\/p>\n<\/div>\n\n\n\n<div class=\"wp-block-column is-layout-flow wp-block-column-is-layout-flow\">\n<p><strong>Begr\u00e4nsningar<\/strong><\/p>\n\n\n\n<p>Som du ser varierar m\u00e4ngden information om rosorna, en del grunddata saknas helt eller \u00e4r bara en bed\u00f6mning, som varit m\u00f6jlig att g\u00f6ra n\u00e4r informationen satts in i registret. Speciellt fr\u00e5gan om vinterh\u00e4rdighet, som \u00e4r s\u00e5 central i Finland, har orsakat mycket huvudbry. F\u00f6r m\u00e5nga rosor har vi inte hittat tillf\u00f6rlitlig information om vinterh\u00e4rdigheten i Finland, f\u00f6r andra \u00e4r det som anges en grov uppskattning. F\u00f6r en del rosor anges vinterh\u00e4rdigheten i Sverige, som kan tj\u00e4na som en fingervisning om hur rosen kan klara sig i Finland. Kom d\u00e5 ih\u00e5g att Sveriges zonindelning \u00e4r en annan \u00e4n Finlands. Men framf\u00f6r allt; det beh\u00f6vs mera erfarenhetsbaserad information om vinterh\u00e4rdigheten i Finland.       <\/p>\n\n\n\n<p><strong>Feedback<\/strong><\/p>\n\n\n\n<p>Av det ovan sagda framg\u00e5r att det finns stora luckor i grundinformationen om rosorna och ocks\u00e5 i deras beskrivningar. F\u00f6r att registret skall fungera och utvecklas beh\u00f6vs hj\u00e4lp. Det finns ett feed-back formul\u00e4r kopplat till registret. Du kan hj\u00e4lpa oss att utveckla registret genom att dela med dig av dina roserfarenheter. Hur har du lyckats eller misslyckats med dina rosor, speciellt d\u00e5 det g\u00e4ller vinterh\u00e4rdighet. Misslyckanden \u00e4r viktiga s\u00e5 att inte alla beh\u00f6ver uppleva samma besvikelser. I vilken zon har du odlat rosorna? <br\/>I Rosens\u00e4llskapet \u00e4r vi tacksamma om du ocks\u00e5 delar med dig av erfarenheter av rosor som inte \u00e4nnu finns i registret. Bra bilder tar vi ocks\u00e5 g\u00e4rna emot, meddela d\u00e5 ocks\u00e5 fotograf och plats.         <\/p>\n\n\n\n<p><strong>Litteratur<\/strong><\/p>\n\n\n\n<p>Informationen i registret \u00e4r baserad p\u00e5 litteratur och erfarenhet. Under rubriken litteratur hittar du vad vi har anv\u00e4nt oss av f\u00f6r att sammanst\u00e4lla registret. <\/p>\n<\/div>\n<\/div>\n\n<div class=\"wp-block-columns is-layout-flex wp-container-core-columns-is-layout-28f84493 wp-block-columns-is-layout-flex\">\n<div class=\"wp-block-column is-layout-flow wp-block-column-is-layout-flow\">\n<p><strong>Tack f\u00f6r st\u00f6d<\/strong><\/p>\n\n\n\n<p>Att skapa det h\u00e4r registret har kr\u00e4vt betydande resurser. I Finska Rosens\u00e4llskapet \u00e4r vi synnerligen glada och tacksamma f\u00f6r det ekonomiska st\u00f6d vi f\u00e5tt fr\u00e5n Maiju ja Yrj\u00f6 Rikalan Puutarhas\u00e4\u00e4ti\u00f6 sr. och Nikolai ja Ljudmila Borisoffin Puutarhas\u00e4\u00e4ti\u00f6 sr. Det har gjort det m\u00f6jligt att komma s\u00e5 h\u00e4r l\u00e5ngt med registret.   <\/p>\n<\/div>\n<\/div>\n\n<div class=\"wp-block-columns are-vertically-aligned-center has-border-color has-pale-pink-border-color has-ast-global-color-5-background-color has-background is-layout-flex wp-container-core-columns-is-layout-6d50755b wp-block-columns-is-layout-flex\" style=\"border-width:9px;border-radius:42px;margin-top:0;margin-bottom:0;padding-top:var(--wp--preset--spacing--30);padding-right:var(--wp--preset--spacing--30);padding-bottom:var(--wp--preset--spacing--30);padding-left:var(--wp--preset--spacing--30)\">\n<div class=\"wp-block-column is-vertically-aligned-center is-layout-flow wp-block-column-is-layout-flow\">\n<figure class=\"wp-block-image size-full\"><a href=\"https:\/\/www.myr.fi\/\" target=\"_blank\" rel=\"noreferrer noopener\"><img decoding=\"async\" width=\"1200\" height=\"390\" src=\"https:\/\/ruusut.ruususeura.fi\/wp-content\/uploads\/2024\/09\/image.jpg\" alt=\"\" class=\"wp-image-10231\" srcset=\"https:\/\/ruusut.ruususeura.fi\/wp-content\/uploads\/2024\/09\/image.jpg 1200w, https:\/\/ruusut.ruususeura.fi\/wp-content\/uploads\/2024\/09\/image-300x98.jpg 300w, https:\/\/ruusut.ruususeura.fi\/wp-content\/uploads\/2024\/09\/image-768x250.jpg 768w\" sizes=\"(max-width: 1200px) 100vw, 1200px\" \/><\/a><\/figure>\n<\/div>\n\n\n\n<div class=\"wp-block-column is-vertically-aligned-center is-layout-flow wp-block-column-is-layout-flow\">\n<figure class=\"wp-block-image size-full\"><a href=\"https:\/\/puutarhasaatio.fi\/\" target=\"_blank\" rel=\"noreferrer noopener\"><img decoding=\"async\" width=\"1000\" height=\"90\" src=\"https:\/\/ruusut.ruususeura.fi\/wp-content\/uploads\/2024\/09\/NLBP-logo-1.png\" alt=\"\" class=\"wp-image-10271\" srcset=\"https:\/\/ruusut.ruususeura.fi\/wp-content\/uploads\/2024\/09\/NLBP-logo-1.png 1000w, https:\/\/ruusut.ruususeura.fi\/wp-content\/uploads\/2024\/09\/NLBP-logo-1-300x27.png 300w, https:\/\/ruusut.ruususeura.fi\/wp-content\/uploads\/2024\/09\/NLBP-logo-1-768x69.png 768w\" sizes=\"(max-width: 1000px) 100vw, 1000px\" \/><\/a><\/figure>\n<\/div>\n<\/div>\n\n<p><\/p>\n","protected":false},"excerpt":{"rendered":"<p>V\u00e4lkommen till Finska Rosens\u00e4llskapets rosregister Med det h\u00e4r registret vill vi hj\u00e4lpa dig att hitta kunskap som \u00e4r nyttig n\u00e4r du s\u00f6ker rosor f\u00f6r din tr\u00e4dg\u00e5rd. Ett register som utg\u00e5r fr\u00e5n finl\u00e4ndska f\u00f6rh\u00e5llanden kan vara ett v\u00e4rdefullt hj\u00e4lpmedel f\u00f6r alla tr\u00e4dg\u00e5rdsodlare i Finland. Registret \u00e4r uppbyggt med n\u00e5gra standardf\u00e4lt som beskriver egenskaper hos rosorna:Namn, v\u00e4xts\u00e4tt, [&hellip;]<\/p>\n","protected":false},"author":1,"featured_media":0,"parent":0,"menu_order":0,"comment_status":"closed","ping_status":"closed","template":"","meta":{"site-sidebar-layout":"default","site-content-layout":"","ast-site-content-layout":"default","site-content-style":"default","site-sidebar-style":"default","ast-global-header-display":"","ast-banner-title-visibility":"","ast-main-header-display":"","ast-hfb-above-header-display":"","ast-hfb-below-header-display":"","ast-hfb-mobile-header-display":"","site-post-title":"disabled","ast-breadcrumbs-content":"","ast-featured-img":"","footer-sml-layout":"","ast-disable-related-posts":"","theme-transparent-header-meta":"","adv-header-id-meta":"","stick-header-meta":"","header-above-stick-meta":"","header-main-stick-meta":"","header-below-stick-meta":"","astra-migrate-meta-layouts":"default","ast-page-background-enabled":"default","ast-page-background-meta":{"desktop":{"background-color":"var(--ast-global-color-4)","background-image":"","background-repeat":"repeat","background-position":"center center","background-size":"auto","background-attachment":"scroll","background-type":"","background-media":"","overlay-type":"","overlay-color":"","overlay-opacity":"","overlay-gradient":""},"tablet":{"background-color":"","background-image":"","background-repeat":"repeat","background-position":"center center","background-size":"auto","background-attachment":"scroll","background-type":"","background-media":"","overlay-type":"","overlay-color":"","overlay-opacity":"","overlay-gradient":""},"mobile":{"background-color":"","background-image":"","background-repeat":"repeat","background-position":"center center","background-size":"auto","background-attachment":"scroll","background-type":"","background-media":"","overlay-type":"","overlay-color":"","overlay-opacity":"","overlay-gradient":""}},"ast-content-background-meta":{"desktop":{"background-color":"var(--ast-global-color-5)","background-image":"","background-repeat":"repeat","background-position":"center center","background-size":"auto","background-attachment":"scroll","background-type":"","background-media":"","overlay-type":"","overlay-color":"","overlay-opacity":"","overlay-gradient":""},"tablet":{"background-color":"var(--ast-global-color-5)","background-image":"","background-repeat":"repeat","background-position":"center center","background-size":"auto","background-attachment":"scroll","background-type":"","background-media":"","overlay-type":"","overlay-color":"","overlay-opacity":"","overlay-gradient":""},"mobile":{"background-color":"var(--ast-global-color-5)","background-image":"","background-repeat":"repeat","background-position":"center center","background-size":"auto","background-attachment":"scroll","background-type":"","background-media":"","overlay-type":"","overlay-color":"","overlay-opacity":"","overlay-gradient":""}},"footnotes":""},"class_list":["post-380","page","type-page","status-publish","hentry"],"_links":{"self":[{"href":"https:\/\/ruusut.ruususeura.fi\/sv\/wp-json\/wp\/v2\/pages\/380","targetHints":{"allow":["GET"]}}],"collection":[{"href":"https:\/\/ruusut.ruususeura.fi\/sv\/wp-json\/wp\/v2\/pages"}],"about":[{"href":"https:\/\/ruusut.ruususeura.fi\/sv\/wp-json\/wp\/v2\/types\/page"}],"author":[{"embeddable":true,"href":"https:\/\/ruusut.ruususeura.fi\/sv\/wp-json\/wp\/v2\/users\/1"}],"replies":[{"embeddable":true,"href":"https:\/\/ruusut.ruususeura.fi\/sv\/wp-json\/wp\/v2\/comments?post=380"}],"version-history":[{"count":5,"href":"https:\/\/ruusut.ruususeura.fi\/sv\/wp-json\/wp\/v2\/pages\/380\/revisions"}],"predecessor-version":[{"id":10281,"href":"https:\/\/ruusut.ruususeura.fi\/sv\/wp-json\/wp\/v2\/pages\/380\/revisions\/10281"}],"wp:attachment":[{"href":"https:\/\/ruusut.ruususeura.fi\/sv\/wp-json\/wp\/v2\/media?parent=380"}],"curies":[{"name":"wp","href":"https:\/\/api.w.org\/{rel}","templated":true}]}}