{"id":10241,"date":"2024-09-25T13:23:15","date_gmt":"2024-09-25T10:23:15","guid":{"rendered":"https:\/\/ruusut.ruususeura.fi\/litteratur\/"},"modified":"2024-09-27T11:57:42","modified_gmt":"2024-09-27T08:57:42","slug":"litteratur","status":"publish","type":"page","link":"https:\/\/ruusut.ruususeura.fi\/sv\/litteratur\/","title":{"rendered":"Litteratur"},"content":{"rendered":"\n<p><strong>Rosenregistrets litteratur <\/strong><\/p>\n\n<p>Alanko P, Joy P, Tegel S, Suomalainen ruusukirja. Gummerus, 2009. 344 s. ISBN 978-951-31-4793-8   <\/p>\n\n<p>Alanko P, R\u00e4ty E, V\u00e4re H. Rosornas namn, Redakt\u00f6r. P. Rautio. Finska Rosens\u00e4llskapet, 2004. 41 s.   <\/p>\n\n<p>Austin D, The heritage of the Rose. Antique Collectors\u2019 Club. Suffolk UK. 1993. 455 s.     <\/p>\n\n<p>Beales P, Cairns T, Duncan W, Fagan G, Grant W, Grapes K, Harkness P, Hughes K, Mattock, Ruston D. Botanica\u2019s Roses. The Encyclopedia of Roses. Foreword by D Austin. Grange Books. Hong Kong. 704 s. 1998.      <\/p>\n\n<p>Blomqvist L, Pohjoisen ruusut. Vaasa. 2015. 224 s.   <\/p>\n\n<p>Blomqvist L, Rosor i norr. Vasa 2014, ISBN 978-952-67340-2-6 <\/p>\n\n<p>B\u00e4rtels A, Enzyklopedia der Gartengeh\u00f6lze. Verlag Eugen Umer.. Stuttgart. 2001. 800 s.<\/p>\n\n<p>Gustavsson L, Rosor f\u00f6r nordiska tr\u00e4dg\u00e5rdar \/Buskrosor. Bokf\u00f6rlaget Natur  Kultur. Stockholm. 2008. 510 s. ISBN 978-91-27-35655-9     <\/p>\n\n<p>Gustavsson L, Rosor f\u00f6r nordiska tr\u00e4dg\u00e5rdar \/Kl\u00e4tterrosor och rabattrosor. Bokf\u00f6rlaget Natur  Kultur. Stockholm. 2008. 332 s. ISBN 978-91-27-35718-1     <\/p>\n\n<p>Gustavsson L, Morin H, Rosarvet i Nationella genbanken. SLU, POM, 2021. 623 s. ISBN 978-91-576-9857-5   <\/p>\n\n<p>Hass R., Olson J., Whitman.. Growing Roses in Cold Climates, University of Minnesota Press, Minneapolis, 2012, 268s. ISBN 978-0-8166-7393-7.<\/p>\n\n<p>Hessayon D. G. The Rose Expert. pBi publications. 2.edt., London. 128 s.<\/p>\n\n<p>Help Me Find Roses, <a href=\"https:\/\/www.helpmefind.com\/rose\/plants.php\">https:\/\/www.helpmefind.com\/rose\/plants.php<\/a><\/p>\n\n<p>Hindstr\u00f6m J, Kullberg I, F\u00f6rtjusande rosor, Ihastuttavat ruusut. Books on Demand, Helsinki. 73 s.  <\/p>\n\n<p> Korhonen A, Midsommarrosen och andra pimpinellrosor. Finska Rosens\u00e4llskapet 2002. 55 s.   <\/p>\n\n<p>Luther M, Rosornas klimatutmaning &#8211; En \u00f6sterbottnisk rosentr\u00e4dg\u00e5rd. Vasa. 2023. 446 s. ISBN 978-951-94-7339-7    <\/p>\n\n<p>Lyngar D, 100 av vore beste Roser. Gyldendal Norsk AS. 2012. 215 s.   <\/p>\n\n<p>Marriott M, ROSES, Penguin Random House, London, 2022, 259 s., ISBN 978-0-2415-4389-4<\/p>\n\n<p>Mellbye L, Suomen ja Pohjolan ruusut. WSOY Porvoo. 1995. 208 s.   <\/p>\n\n<p>Phillips R, Rix M, The random house guide to Roses. Random House New York. 1988.  <\/p>\n\n<p>Rautio P, Suomen ruusut. Otava, Keuruu. 2009. 175 s.   <\/p>\n\n<p>Rautio P, Vackra fyndrosor. Finska Rosens\u00e4llskapet. 2009. 62 s.   <\/p>\n\n<p>Rautio P. Doftande Rugosarosor. Finska Rosens\u00e4llskapet 2013. 74 s.<\/p>\n\n<p>Rautio P. Praktfulla gallicarosor. Finska Rosens\u00e4llskapet 2016. 99 s.<\/p>\n\n<p>Rautio P, Spinosissimarosor och harisoniirosor. Finska Rosens\u00e4llskapet. Gran\u00f6, Lahtis 2019. 66 s.   <\/p>\n\n<p>Schalin B, Koristepensaista kauneimmat. WSOY. Porvoo. 1938. 153 s.    <\/p>\n\n<p>Simberg L, Koristepuita ja -pensaita. WSOY. Porvoo 1955. 231 s.   <\/p>\n\n<p>Thim T, The History of the Rose in Danmark. Centifolia Editors. 2018. 319 s. ISBN 978-87-92382-03-0    <\/p>\n\n<p>Red. Moody M, Harkness P, The Illustrated Encyclopedia of Roses, over 1100 species illustrated and identified. Headline. London. 1993. 304 s.      Viherpeukalot. Ruusuja Pohjolaan. Valkealan Viherpeukalot Oy. Jyv\u00e4skyl\u00e4. 1999. 216 s.     <\/p>\n\n<p>Viljelykasvien nimist\u00f6, Puutarhaliitto, 2017, 263 s. ISBN 978-952-7126-05-9 <\/p>\n\n<p>V\u00e4re H., Saarinen J. Kurtto A., H\u00e4met-Ahti L. Suomen puu- ja pensaskasvio. 3. p. Dendrologian Seura ry. 2021. 552 s. ISBN 978-951-96557-4-1.      <\/p>\n","protected":false},"excerpt":{"rendered":"<p>Rosenregistrets litteratur Alanko P, Joy P, Tegel S, Suomalainen ruusukirja. Gummerus, 2009. 344 s. ISBN 978-951-31-4793-8 Alanko P, R\u00e4ty E, V\u00e4re H. Rosornas namn, Redakt\u00f6r. P. Rautio. Finska Rosens\u00e4llskapet, 2004. 41 s. Austin D, The heritage of the Rose. Antique Collectors\u2019 Club. Suffolk UK. 1993. 455 s. Beales P, Cairns T, Duncan W, Fagan G, [&hellip;]<\/p>\n","protected":false},"author":2,"featured_media":0,"parent":0,"menu_order":0,"comment_status":"closed","ping_status":"closed","template":"","meta":{"site-sidebar-layout":"default","site-content-layout":"","ast-site-content-layout":"default","site-content-style":"default","site-sidebar-style":"default","ast-global-header-display":"","ast-banner-title-visibility":"","ast-main-header-display":"","ast-hfb-above-header-display":"","ast-hfb-below-header-display":"","ast-hfb-mobile-header-display":"","site-post-title":"","ast-breadcrumbs-content":"","ast-featured-img":"","footer-sml-layout":"","ast-disable-related-posts":"","theme-transparent-header-meta":"","adv-header-id-meta":"","stick-header-meta":"","header-above-stick-meta":"","header-main-stick-meta":"","header-below-stick-meta":"","astra-migrate-meta-layouts":"default","ast-page-background-enabled":"default","ast-page-background-meta":{"desktop":{"background-color":"var(--ast-global-color-4)","background-image":"","background-repeat":"repeat","background-position":"center center","background-size":"auto","background-attachment":"scroll","background-type":"","background-media":"","overlay-type":"","overlay-color":"","overlay-opacity":"","overlay-gradient":""},"tablet":{"background-color":"","background-image":"","background-repeat":"repeat","background-position":"center center","background-size":"auto","background-attachment":"scroll","background-type":"","background-media":"","overlay-type":"","overlay-color":"","overlay-opacity":"","overlay-gradient":""},"mobile":{"background-color":"","background-image":"","background-repeat":"repeat","background-position":"center center","background-size":"auto","background-attachment":"scroll","background-type":"","background-media":"","overlay-type":"","overlay-color":"","overlay-opacity":"","overlay-gradient":""}},"ast-content-background-meta":{"desktop":{"background-color":"var(--ast-global-color-5)","background-image":"","background-repeat":"repeat","background-position":"center center","background-size":"auto","background-attachment":"scroll","background-type":"","background-media":"","overlay-type":"","overlay-color":"","overlay-opacity":"","overlay-gradient":""},"tablet":{"background-color":"var(--ast-global-color-5)","background-image":"","background-repeat":"repeat","background-position":"center center","background-size":"auto","background-attachment":"scroll","background-type":"","background-media":"","overlay-type":"","overlay-color":"","overlay-opacity":"","overlay-gradient":""},"mobile":{"background-color":"var(--ast-global-color-5)","background-image":"","background-repeat":"repeat","background-position":"center center","background-size":"auto","background-attachment":"scroll","background-type":"","background-media":"","overlay-type":"","overlay-color":"","overlay-opacity":"","overlay-gradient":""}},"footnotes":""},"class_list":["post-10241","page","type-page","status-publish","hentry"],"_links":{"self":[{"href":"https:\/\/ruusut.ruususeura.fi\/sv\/wp-json\/wp\/v2\/pages\/10241","targetHints":{"allow":["GET"]}}],"collection":[{"href":"https:\/\/ruusut.ruususeura.fi\/sv\/wp-json\/wp\/v2\/pages"}],"about":[{"href":"https:\/\/ruusut.ruususeura.fi\/sv\/wp-json\/wp\/v2\/types\/page"}],"author":[{"embeddable":true,"href":"https:\/\/ruusut.ruususeura.fi\/sv\/wp-json\/wp\/v2\/users\/2"}],"replies":[{"embeddable":true,"href":"https:\/\/ruusut.ruususeura.fi\/sv\/wp-json\/wp\/v2\/comments?post=10241"}],"version-history":[{"count":5,"href":"https:\/\/ruusut.ruususeura.fi\/sv\/wp-json\/wp\/v2\/pages\/10241\/revisions"}],"predecessor-version":[{"id":10258,"href":"https:\/\/ruusut.ruususeura.fi\/sv\/wp-json\/wp\/v2\/pages\/10241\/revisions\/10258"}],"wp:attachment":[{"href":"https:\/\/ruusut.ruususeura.fi\/sv\/wp-json\/wp\/v2\/media?parent=10241"}],"curies":[{"name":"wp","href":"https:\/\/api.w.org\/{rel}","templated":true}]}}